{"id":917,"date":"2022-08-30T06:16:19","date_gmt":"2022-08-30T06:16:19","guid":{"rendered":"https:\/\/lexperiencedamante.be\/contact\/"},"modified":"2024-03-07T17:47:27","modified_gmt":"2024-03-07T17:47:27","slug":"contact","status":"publish","type":"page","link":"https:\/\/lexperiencedamante.be\/nl\/contact\/","title":{"rendered":"Contact"},"content":{"rendered":"\t\t<div data-elementor-type=\"wp-page\" data-elementor-id=\"917\" class=\"elementor elementor-917 elementor-22\" data-elementor-post-type=\"page\">\n\t\t\t\t\t\t<section class=\"elementor-section elementor-top-section elementor-element elementor-element-7cbc06b4 elementor-section-height-min-height elementor-section-boxed elementor-section-height-default elementor-section-items-middle\" data-id=\"7cbc06b4\" data-element_type=\"section\" data-e-type=\"section\" data-settings=\"{&quot;background_background&quot;:&quot;classic&quot;}\">\n\t\t\t\t\t\t<div class=\"elementor-container elementor-column-gap-default\">\n\t\t\t\t\t<div class=\"elementor-column elementor-col-100 elementor-top-column elementor-element elementor-element-b5b981d\" data-id=\"b5b981d\" data-element_type=\"column\" data-e-type=\"column\">\n\t\t\t<div class=\"elementor-widget-wrap\">\n\t\t\t\t\t\t\t<\/div>\n\t\t<\/div>\n\t\t\t\t\t<\/div>\n\t\t<\/section>\n\t\t\t\t<section class=\"elementor-section elementor-top-section elementor-element elementor-element-65961a6 elementor-section-boxed elementor-section-height-default elementor-section-height-default\" data-id=\"65961a6\" data-element_type=\"section\" data-e-type=\"section\">\n\t\t\t\t\t\t<div class=\"elementor-container elementor-column-gap-default\">\n\t\t\t\t\t<div class=\"elementor-column elementor-col-100 elementor-top-column elementor-element elementor-element-2b22916 elementor-invisible\" data-id=\"2b22916\" data-element_type=\"column\" data-e-type=\"column\" data-settings=\"{&quot;animation&quot;:&quot;fadeIn&quot;}\">\n\t\t\t<div class=\"elementor-widget-wrap elementor-element-populated\">\n\t\t\t\t\t\t<div class=\"elementor-element elementor-element-5952a1f7 elementor-widget elementor-widget-heading\" data-id=\"5952a1f7\" data-element_type=\"widget\" data-e-type=\"widget\" data-widget_type=\"heading.default\">\n\t\t\t\t<div class=\"elementor-widget-container\">\n\t\t\t\t\t<h1 class=\"elementor-heading-title elementor-size-default\">Contact<\/h1>\t\t\t\t<\/div>\n\t\t\t\t<\/div>\n\t\t\t\t<section class=\"elementor-section elementor-inner-section elementor-element elementor-element-7a10b87 elementor-section-boxed elementor-section-height-default elementor-section-height-default\" data-id=\"7a10b87\" data-element_type=\"section\" data-e-type=\"section\">\n\t\t\t\t\t\t<div class=\"elementor-container elementor-column-gap-default\">\n\t\t\t\t\t<div class=\"elementor-column elementor-col-50 elementor-inner-column elementor-element elementor-element-87a1848\" data-id=\"87a1848\" data-element_type=\"column\" data-e-type=\"column\">\n\t\t\t<div class=\"elementor-widget-wrap elementor-element-populated\">\n\t\t\t\t\t\t<div class=\"elementor-element elementor-element-b5b7381 elementor-view-default elementor-position-block-start elementor-mobile-position-block-start elementor-widget elementor-widget-icon-box\" data-id=\"b5b7381\" data-element_type=\"widget\" data-e-type=\"widget\" data-widget_type=\"icon-box.default\">\n\t\t\t\t<div class=\"elementor-widget-container\">\n\t\t\t\t\t\t\t<div class=\"elementor-icon-box-wrapper\">\n\n\t\t\t\t\t\t<div class=\"elementor-icon-box-icon\">\n\t\t\t\t<a href=\"tel:0032498737806\" class=\"elementor-icon\" tabindex=\"-1\" aria-label=\"Sofie Dekindt\">\n\t\t\t\t<i aria-hidden=\"true\" class=\"fas fa-sun\"><\/i>\t\t\t\t<\/a>\n\t\t\t<\/div>\n\t\t\t\n\t\t\t\t\t\t<div class=\"elementor-icon-box-content\">\n\n\t\t\t\t\t\t\t\t\t<h3 class=\"elementor-icon-box-title\">\n\t\t\t\t\t\t<a href=\"tel:0032498737806\" >\n\t\t\t\t\t\t\tSofie Dekindt\t\t\t\t\t\t<\/a>\n\t\t\t\t\t<\/h3>\n\t\t\t\t\n\t\t\t\t\t\t\t\t\t<p class=\"elementor-icon-box-description\">\n\t\t\t\t\t\t+32 498 73 78 06\t\t\t\t\t<\/p>\n\t\t\t\t\n\t\t\t<\/div>\n\t\t\t\n\t\t<\/div>\n\t\t\t\t\t\t<\/div>\n\t\t\t\t<\/div>\n\t\t\t\t\t<\/div>\n\t\t<\/div>\n\t\t\t\t<div class=\"elementor-column elementor-col-50 elementor-inner-column elementor-element elementor-element-ed74519\" data-id=\"ed74519\" data-element_type=\"column\" data-e-type=\"column\">\n\t\t\t<div class=\"elementor-widget-wrap elementor-element-populated\">\n\t\t\t\t\t\t<div class=\"elementor-element elementor-element-3d3c818 elementor-view-default elementor-position-block-start elementor-mobile-position-block-start elementor-widget elementor-widget-icon-box\" data-id=\"3d3c818\" data-element_type=\"widget\" data-e-type=\"widget\" data-widget_type=\"icon-box.default\">\n\t\t\t\t<div class=\"elementor-widget-container\">\n\t\t\t\t\t\t\t<div class=\"elementor-icon-box-wrapper\">\n\n\t\t\t\t\t\t<div class=\"elementor-icon-box-icon\">\n\t\t\t\t<a href=\"tel:0032472510559\" class=\"elementor-icon\" tabindex=\"-1\" aria-label=\"Bruce Hillewaert\">\n\t\t\t\t<i aria-hidden=\"true\" class=\"fas fa-sun\"><\/i>\t\t\t\t<\/a>\n\t\t\t<\/div>\n\t\t\t\n\t\t\t\t\t\t<div class=\"elementor-icon-box-content\">\n\n\t\t\t\t\t\t\t\t\t<h3 class=\"elementor-icon-box-title\">\n\t\t\t\t\t\t<a href=\"tel:0032472510559\" >\n\t\t\t\t\t\t\tBruce Hillewaert\t\t\t\t\t\t<\/a>\n\t\t\t\t\t<\/h3>\n\t\t\t\t\n\t\t\t\t\t\t\t\t\t<p class=\"elementor-icon-box-description\">\n\t\t\t\t\t\t+32 472 51 05 59\t\t\t\t\t<\/p>\n\t\t\t\t\n\t\t\t<\/div>\n\t\t\t\n\t\t<\/div>\n\t\t\t\t\t\t<\/div>\n\t\t\t\t<\/div>\n\t\t\t\t\t<\/div>\n\t\t<\/div>\n\t\t\t\t\t<\/div>\n\t\t<\/section>\n\t\t\t\t\t<\/div>\n\t\t<\/div>\n\t\t\t\t\t<\/div>\n\t\t<\/section>\n\t\t\t\t<section class=\"elementor-section elementor-top-section elementor-element elementor-element-6431b1ad elementor-section-boxed elementor-section-height-default elementor-section-height-default\" data-id=\"6431b1ad\" data-element_type=\"section\" data-e-type=\"section\" data-settings=\"{&quot;background_background&quot;:&quot;classic&quot;}\">\n\t\t\t\t\t\t<div class=\"elementor-container elementor-column-gap-default\">\n\t\t\t\t\t<div class=\"elementor-column elementor-col-33 elementor-top-column elementor-element elementor-element-dd7593b elementor-invisible\" data-id=\"dd7593b\" data-element_type=\"column\" data-e-type=\"column\" data-settings=\"{&quot;animation&quot;:&quot;fadeInLeft&quot;,&quot;animation_mobile&quot;:&quot;fadeIn&quot;}\">\n\t\t\t<div class=\"elementor-widget-wrap elementor-element-populated\">\n\t\t\t\t\t\t<div class=\"elementor-element elementor-element-e717d33 elementor-widget elementor-widget-google_maps\" data-id=\"e717d33\" data-element_type=\"widget\" data-e-type=\"widget\" data-widget_type=\"google_maps.default\">\n\t\t\t\t<div class=\"elementor-widget-container\">\n\t\t\t\t\t\t\t<div class=\"elementor-custom-embed\">\n\t\t\t<iframe loading=\"lazy\"\n\t\t\t\t\tsrc=\"https:\/\/maps.google.com\/maps?q=Plaza%20d%27Amant%C3%A9%2C%20Zeedijk-de%20haan%2017%2C%208420%20de%20haan&#038;t=m&#038;z=14&#038;output=embed&#038;iwloc=near\"\n\t\t\t\t\ttitle=\"Plaza d&#039;Amant\u00e9, Zeedijk-de haan 17, 8420 de haan\"\n\t\t\t\t\taria-label=\"Plaza d&#039;Amant\u00e9, Zeedijk-de haan 17, 8420 de haan\"\n\t\t\t><\/iframe>\n\t\t<\/div>\n\t\t\t\t\t\t<\/div>\n\t\t\t\t<\/div>\n\t\t\t\t\t<\/div>\n\t\t<\/div>\n\t\t\t\t<div class=\"elementor-column elementor-col-33 elementor-top-column elementor-element elementor-element-6e7d6544 elementor-invisible\" data-id=\"6e7d6544\" data-element_type=\"column\" data-e-type=\"column\" data-settings=\"{&quot;animation&quot;:&quot;fadeIn&quot;,&quot;animation_delay&quot;:&quot;300&quot;}\">\n\t\t\t<div class=\"elementor-widget-wrap elementor-element-populated\">\n\t\t\t\t\t\t<div class=\"elementor-element elementor-element-27ed679 elementor-widget elementor-widget-heading\" data-id=\"27ed679\" data-element_type=\"widget\" data-e-type=\"widget\" data-widget_type=\"heading.default\">\n\t\t\t\t<div class=\"elementor-widget-container\">\n\t\t\t\t\t<h3 class=\"elementor-heading-title elementor-size-default\">Adres<\/h3>\t\t\t\t<\/div>\n\t\t\t\t<\/div>\n\t\t\t\t<div class=\"elementor-element elementor-element-cebd859 elementor-widget elementor-widget-heading\" data-id=\"cebd859\" data-element_type=\"widget\" data-e-type=\"widget\" data-widget_type=\"heading.default\">\n\t\t\t\t<div class=\"elementor-widget-container\">\n\t\t\t\t\t<span class=\"elementor-heading-title elementor-size-default\">Plage d'Amant\u00e9<\/span>\t\t\t\t<\/div>\n\t\t\t\t<\/div>\n\t\t\t\t<div class=\"elementor-element elementor-element-92d77b8 elementor-align-center elementor-mobile-align-center elementor-icon-list--layout-traditional elementor-list-item-link-full_width elementor-widget elementor-widget-icon-list\" data-id=\"92d77b8\" data-element_type=\"widget\" data-e-type=\"widget\" data-widget_type=\"icon-list.default\">\n\t\t\t\t<div class=\"elementor-widget-container\">\n\t\t\t\t\t\t\t<ul class=\"elementor-icon-list-items\">\n\t\t\t\t\t\t\t<li class=\"elementor-icon-list-item\">\n\t\t\t\t\t\t\t\t\t\t\t<a href=\"https:\/\/maps.app.goo.gl\/1oKpSDVwWz2Dz76E6\">\n\n\t\t\t\t\t\t\t\t\t\t\t<span class=\"elementor-icon-list-text\">Zeedijk - De Haan<\/span>\n\t\t\t\t\t\t\t\t\t\t\t<\/a>\n\t\t\t\t\t\t\t\t\t<\/li>\n\t\t\t\t\t\t\t\t<li class=\"elementor-icon-list-item\">\n\t\t\t\t\t\t\t\t\t\t<span class=\"elementor-icon-list-text\">8420 De Haan<\/span>\n\t\t\t\t\t\t\t\t\t<\/li>\n\t\t\t\t\t\t\t\t<li class=\"elementor-icon-list-item\">\n\t\t\t\t\t\t\t\t\t\t\t<a href=\"mailto:hello@plagedamante.be\">\n\n\t\t\t\t\t\t\t\t\t\t\t<span class=\"elementor-icon-list-text\">hello@plagedamante.be<\/span>\n\t\t\t\t\t\t\t\t\t\t\t<\/a>\n\t\t\t\t\t\t\t\t\t<\/li>\n\t\t\t\t\t\t<\/ul>\n\t\t\t\t\t\t<\/div>\n\t\t\t\t<\/div>\n\t\t\t\t<div class=\"elementor-element elementor-element-6d594b6 elementor-widget-divider--view-line elementor-widget elementor-widget-divider\" data-id=\"6d594b6\" data-element_type=\"widget\" data-e-type=\"widget\" data-widget_type=\"divider.default\">\n\t\t\t\t<div class=\"elementor-widget-container\">\n\t\t\t\t\t\t\t<div class=\"elementor-divider\">\n\t\t\t<span class=\"elementor-divider-separator\">\n\t\t\t\t\t\t<\/span>\n\t\t<\/div>\n\t\t\t\t\t\t<\/div>\n\t\t\t\t<\/div>\n\t\t\t\t<div class=\"elementor-element elementor-element-8ff1ac0 elementor-widget elementor-widget-heading\" data-id=\"8ff1ac0\" data-element_type=\"widget\" data-e-type=\"widget\" data-widget_type=\"heading.default\">\n\t\t\t\t<div class=\"elementor-widget-container\">\n\t\t\t\t\t<span class=\"elementor-heading-title elementor-size-default\">Plaza d'Amant\u00e9<\/span>\t\t\t\t<\/div>\n\t\t\t\t<\/div>\n\t\t\t\t<div class=\"elementor-element elementor-element-3964426 elementor-align-center elementor-mobile-align-center elementor-icon-list--layout-traditional elementor-list-item-link-full_width elementor-widget elementor-widget-icon-list\" data-id=\"3964426\" data-element_type=\"widget\" data-e-type=\"widget\" data-widget_type=\"icon-list.default\">\n\t\t\t\t<div class=\"elementor-widget-container\">\n\t\t\t\t\t\t\t<ul class=\"elementor-icon-list-items\">\n\t\t\t\t\t\t\t<li class=\"elementor-icon-list-item\">\n\t\t\t\t\t\t\t\t\t\t\t<a href=\"https:\/\/maps.app.goo.gl\/NxvdgMW9GQoJewPh9\">\n\n\t\t\t\t\t\t\t\t\t\t\t<span class=\"elementor-icon-list-text\">Zeedijk - De Haan 17<\/span>\n\t\t\t\t\t\t\t\t\t\t\t<\/a>\n\t\t\t\t\t\t\t\t\t<\/li>\n\t\t\t\t\t\t\t\t<li class=\"elementor-icon-list-item\">\n\t\t\t\t\t\t\t\t\t\t<span class=\"elementor-icon-list-text\">8420 De Haan<\/span>\n\t\t\t\t\t\t\t\t\t<\/li>\n\t\t\t\t\t\t\t\t<li class=\"elementor-icon-list-item\">\n\t\t\t\t\t\t\t\t\t\t\t<a href=\"tel:0032472840917\">\n\n\t\t\t\t\t\t\t\t\t\t\t<span class=\"elementor-icon-list-text\">+32 472 84 09 17<\/span>\n\t\t\t\t\t\t\t\t\t\t\t<\/a>\n\t\t\t\t\t\t\t\t\t<\/li>\n\t\t\t\t\t\t\t\t<li class=\"elementor-icon-list-item\">\n\t\t\t\t\t\t\t\t\t\t\t<a href=\"mailto:eat@plazadamante.be\">\n\n\t\t\t\t\t\t\t\t\t\t\t<span class=\"elementor-icon-list-text\">eat@plazadamante.be<\/span>\n\t\t\t\t\t\t\t\t\t\t\t<\/a>\n\t\t\t\t\t\t\t\t\t<\/li>\n\t\t\t\t\t\t\t\t<li class=\"elementor-icon-list-item\">\n\t\t\t\t\t\t\t\t\t\t\t<a href=\"mailto:shop@plazadamante.be\">\n\n\t\t\t\t\t\t\t\t\t\t\t<span class=\"elementor-icon-list-text\">shop@plazadamante.be<\/span>\n\t\t\t\t\t\t\t\t\t\t\t<\/a>\n\t\t\t\t\t\t\t\t\t<\/li>\n\t\t\t\t\t\t<\/ul>\n\t\t\t\t\t\t<\/div>\n\t\t\t\t<\/div>\n\t\t\t\t\t<\/div>\n\t\t<\/div>\n\t\t\t\t<div class=\"elementor-column elementor-col-33 elementor-top-column elementor-element elementor-element-3d5cf02f elementor-invisible\" data-id=\"3d5cf02f\" data-element_type=\"column\" data-e-type=\"column\" data-settings=\"{&quot;animation&quot;:&quot;fadeInRight&quot;,&quot;animation_mobile&quot;:&quot;fadeIn&quot;}\">\n\t\t\t<div class=\"elementor-widget-wrap elementor-element-populated\">\n\t\t\t\t\t\t<div class=\"elementor-element elementor-element-d6b43f9 elementor-widget elementor-widget-image\" data-id=\"d6b43f9\" data-element_type=\"widget\" data-e-type=\"widget\" data-widget_type=\"image.default\">\n\t\t\t\t<div class=\"elementor-widget-container\">\n\t\t\t\t\t\t\t\t\t\t\t\t\t\t\t<img fetchpriority=\"high\" decoding=\"async\" width=\"683\" height=\"1024\" src=\"https:\/\/lexperiencedamante.be\/wp-content\/uploads\/2022\/11\/Plage-dAmante-186-683x1024.jpg\" class=\"attachment-large size-large wp-image-889\" alt=\"\" srcset=\"https:\/\/lexperiencedamante.be\/wp-content\/uploads\/2022\/11\/Plage-dAmante-186-683x1024.jpg 683w, https:\/\/lexperiencedamante.be\/wp-content\/uploads\/2022\/11\/Plage-dAmante-186-200x300.jpg 200w, https:\/\/lexperiencedamante.be\/wp-content\/uploads\/2022\/11\/Plage-dAmante-186-768x1152.jpg 768w, https:\/\/lexperiencedamante.be\/wp-content\/uploads\/2022\/11\/Plage-dAmante-186-1024x1536.jpg 1024w, https:\/\/lexperiencedamante.be\/wp-content\/uploads\/2022\/11\/Plage-dAmante-186-1365x2048.jpg 1365w, https:\/\/lexperiencedamante.be\/wp-content\/uploads\/2022\/11\/Plage-dAmante-186-600x900.jpg 600w, https:\/\/lexperiencedamante.be\/wp-content\/uploads\/2022\/11\/Plage-dAmante-186-scaled.jpg 1707w\" sizes=\"(max-width: 683px) 100vw, 683px\" \/>\t\t\t\t\t\t\t\t\t\t\t\t\t\t\t<\/div>\n\t\t\t\t<\/div>\n\t\t\t\t\t<\/div>\n\t\t<\/div>\n\t\t\t\t\t<\/div>\n\t\t<\/section>\n\t\t\t\t<\/div>\n\t\t","protected":false},"excerpt":{"rendered":"<p>Sofie Dekindt +32 498 73 78 06 Bruce Hillewaert +32 472 51 05 59 Adres Plage d&#8217;Amant\u00e9 Zeedijk &#8211; De Haan 8420 De Haan hello@plagedamante.be Plaza d&#8217;Amant\u00e9 Zeedijk &#8211; De Haan 17 8420 De Haan +32 472 84 09 17 eat@plazadamante.be shop@plazadamante.be<\/p>\n","protected":false},"author":1,"featured_media":0,"parent":0,"menu_order":0,"comment_status":"closed","ping_status":"closed","template":"","meta":{"footnotes":""},"class_list":["post-917","page","type-page","status-publish","hentry"],"yoast_head":"<!-- This site is optimized with the Yoast SEO plugin v27.0 - https:\/\/yoast.com\/product\/yoast-seo-wordpress\/ -->\n<title>Contact - Plage d&#039;Amant\u00e9<\/title>\n<meta name=\"robots\" content=\"index, follow, max-snippet:-1, max-image-preview:large, max-video-preview:-1\" \/>\n<link rel=\"canonical\" href=\"https:\/\/lexperiencedamante.be\/nl\/contact\/\" \/>\n<meta property=\"og:locale\" content=\"nl_BE\" \/>\n<meta property=\"og:type\" content=\"article\" \/>\n<meta property=\"og:title\" content=\"Contact - Plage d&#039;Amant\u00e9\" \/>\n<meta property=\"og:description\" content=\"Sofie Dekindt +32 498 73 78 06 Bruce Hillewaert +32 472 51 05 59 Adres Plage d&#8217;Amant\u00e9 Zeedijk &#8211; De Haan 8420 De Haan hello@plagedamante.be Plaza d&#8217;Amant\u00e9 Zeedijk &#8211; De Haan 17 8420 De Haan +32 472 84 09 17 eat@plazadamante.be shop@plazadamante.be\" \/>\n<meta property=\"og:url\" content=\"https:\/\/lexperiencedamante.be\/nl\/contact\/\" \/>\n<meta property=\"og:site_name\" content=\"Plage d&#039;Amant\u00e9\" \/>\n<meta property=\"article:modified_time\" content=\"2024-03-07T17:47:27+00:00\" \/>\n<meta property=\"og:image\" content=\"https:\/\/lexperiencedamante.be\/wp-content\/uploads\/2022\/11\/Plage-dAmante-186-683x1024.jpg\" \/>\n<meta name=\"twitter:card\" content=\"summary_large_image\" \/>\n<meta name=\"twitter:label1\" content=\"Geschatte leestijd\" \/>\n\t<meta name=\"twitter:data1\" content=\"1 minuut\" \/>\n<script type=\"application\/ld+json\" class=\"yoast-schema-graph\">{\"@context\":\"https:\/\/schema.org\",\"@graph\":[{\"@type\":\"WebPage\",\"@id\":\"https:\/\/lexperiencedamante.be\/nl\/contact\/\",\"url\":\"https:\/\/lexperiencedamante.be\/nl\/contact\/\",\"name\":\"Contact - Plage d&#039;Amant\u00e9\",\"isPartOf\":{\"@id\":\"https:\/\/lexperiencedamante.be\/nl\/#website\"},\"primaryImageOfPage\":{\"@id\":\"https:\/\/lexperiencedamante.be\/nl\/contact\/#primaryimage\"},\"image\":{\"@id\":\"https:\/\/lexperiencedamante.be\/nl\/contact\/#primaryimage\"},\"thumbnailUrl\":\"https:\/\/lexperiencedamante.be\/wp-content\/uploads\/2022\/11\/Plage-dAmante-186-683x1024.jpg\",\"datePublished\":\"2022-08-30T06:16:19+00:00\",\"dateModified\":\"2024-03-07T17:47:27+00:00\",\"breadcrumb\":{\"@id\":\"https:\/\/lexperiencedamante.be\/nl\/contact\/#breadcrumb\"},\"inLanguage\":\"nl-BE\",\"potentialAction\":[{\"@type\":\"ReadAction\",\"target\":[\"https:\/\/lexperiencedamante.be\/nl\/contact\/\"]}]},{\"@type\":\"ImageObject\",\"inLanguage\":\"nl-BE\",\"@id\":\"https:\/\/lexperiencedamante.be\/nl\/contact\/#primaryimage\",\"url\":\"https:\/\/lexperiencedamante.be\/wp-content\/uploads\/2022\/11\/Plage-dAmante-186-683x1024.jpg\",\"contentUrl\":\"https:\/\/lexperiencedamante.be\/wp-content\/uploads\/2022\/11\/Plage-dAmante-186-683x1024.jpg\"},{\"@type\":\"BreadcrumbList\",\"@id\":\"https:\/\/lexperiencedamante.be\/nl\/contact\/#breadcrumb\",\"itemListElement\":[{\"@type\":\"ListItem\",\"position\":1,\"name\":\"Home\",\"item\":\"https:\/\/lexperiencedamante.be\/nl\/\"},{\"@type\":\"ListItem\",\"position\":2,\"name\":\"Contact\"}]},{\"@type\":\"WebSite\",\"@id\":\"https:\/\/lexperiencedamante.be\/nl\/#website\",\"url\":\"https:\/\/lexperiencedamante.be\/nl\/\",\"name\":\"Plage d&#039;Amant\u00e9\",\"description\":\"Relax &amp; Sports\",\"publisher\":{\"@id\":\"https:\/\/lexperiencedamante.be\/nl\/#organization\"},\"potentialAction\":[{\"@type\":\"SearchAction\",\"target\":{\"@type\":\"EntryPoint\",\"urlTemplate\":\"https:\/\/lexperiencedamante.be\/nl\/?s={search_term_string}\"},\"query-input\":{\"@type\":\"PropertyValueSpecification\",\"valueRequired\":true,\"valueName\":\"search_term_string\"}}],\"inLanguage\":\"nl-BE\"},{\"@type\":\"Organization\",\"@id\":\"https:\/\/lexperiencedamante.be\/nl\/#organization\",\"name\":\"Plage d&#039;Amant\u00e9\",\"url\":\"https:\/\/lexperiencedamante.be\/nl\/\",\"logo\":{\"@type\":\"ImageObject\",\"inLanguage\":\"nl-BE\",\"@id\":\"https:\/\/lexperiencedamante.be\/nl\/#\/schema\/logo\/image\/\",\"url\":\"https:\/\/lexperiencedamante.be\/wp-content\/uploads\/2022\/10\/logo-lexperience-dAmante.png\",\"contentUrl\":\"https:\/\/lexperiencedamante.be\/wp-content\/uploads\/2022\/10\/logo-lexperience-dAmante.png\",\"width\":1200,\"height\":703,\"caption\":\"Plage d&#039;Amant\u00e9\"},\"image\":{\"@id\":\"https:\/\/lexperiencedamante.be\/nl\/#\/schema\/logo\/image\/\"}}]}<\/script>\n<!-- \/ Yoast SEO plugin. -->","yoast_head_json":{"title":"Contact - Plage d&#039;Amant\u00e9","robots":{"index":"index","follow":"follow","max-snippet":"max-snippet:-1","max-image-preview":"max-image-preview:large","max-video-preview":"max-video-preview:-1"},"canonical":"https:\/\/lexperiencedamante.be\/nl\/contact\/","og_locale":"nl_BE","og_type":"article","og_title":"Contact - Plage d&#039;Amant\u00e9","og_description":"Sofie Dekindt +32 498 73 78 06 Bruce Hillewaert +32 472 51 05 59 Adres Plage d&#8217;Amant\u00e9 Zeedijk &#8211; De Haan 8420 De Haan hello@plagedamante.be Plaza d&#8217;Amant\u00e9 Zeedijk &#8211; De Haan 17 8420 De Haan +32 472 84 09 17 eat@plazadamante.be shop@plazadamante.be","og_url":"https:\/\/lexperiencedamante.be\/nl\/contact\/","og_site_name":"Plage d&#039;Amant\u00e9","article_modified_time":"2024-03-07T17:47:27+00:00","og_image":[{"url":"https:\/\/lexperiencedamante.be\/wp-content\/uploads\/2022\/11\/Plage-dAmante-186-683x1024.jpg","type":"","width":"","height":""}],"twitter_card":"summary_large_image","twitter_misc":{"Geschatte leestijd":"1 minuut"},"schema":{"@context":"https:\/\/schema.org","@graph":[{"@type":"WebPage","@id":"https:\/\/lexperiencedamante.be\/nl\/contact\/","url":"https:\/\/lexperiencedamante.be\/nl\/contact\/","name":"Contact - Plage d&#039;Amant\u00e9","isPartOf":{"@id":"https:\/\/lexperiencedamante.be\/nl\/#website"},"primaryImageOfPage":{"@id":"https:\/\/lexperiencedamante.be\/nl\/contact\/#primaryimage"},"image":{"@id":"https:\/\/lexperiencedamante.be\/nl\/contact\/#primaryimage"},"thumbnailUrl":"https:\/\/lexperiencedamante.be\/wp-content\/uploads\/2022\/11\/Plage-dAmante-186-683x1024.jpg","datePublished":"2022-08-30T06:16:19+00:00","dateModified":"2024-03-07T17:47:27+00:00","breadcrumb":{"@id":"https:\/\/lexperiencedamante.be\/nl\/contact\/#breadcrumb"},"inLanguage":"nl-BE","potentialAction":[{"@type":"ReadAction","target":["https:\/\/lexperiencedamante.be\/nl\/contact\/"]}]},{"@type":"ImageObject","inLanguage":"nl-BE","@id":"https:\/\/lexperiencedamante.be\/nl\/contact\/#primaryimage","url":"https:\/\/lexperiencedamante.be\/wp-content\/uploads\/2022\/11\/Plage-dAmante-186-683x1024.jpg","contentUrl":"https:\/\/lexperiencedamante.be\/wp-content\/uploads\/2022\/11\/Plage-dAmante-186-683x1024.jpg"},{"@type":"BreadcrumbList","@id":"https:\/\/lexperiencedamante.be\/nl\/contact\/#breadcrumb","itemListElement":[{"@type":"ListItem","position":1,"name":"Home","item":"https:\/\/lexperiencedamante.be\/nl\/"},{"@type":"ListItem","position":2,"name":"Contact"}]},{"@type":"WebSite","@id":"https:\/\/lexperiencedamante.be\/nl\/#website","url":"https:\/\/lexperiencedamante.be\/nl\/","name":"Plage d&#039;Amant\u00e9","description":"Relax &amp; Sports","publisher":{"@id":"https:\/\/lexperiencedamante.be\/nl\/#organization"},"potentialAction":[{"@type":"SearchAction","target":{"@type":"EntryPoint","urlTemplate":"https:\/\/lexperiencedamante.be\/nl\/?s={search_term_string}"},"query-input":{"@type":"PropertyValueSpecification","valueRequired":true,"valueName":"search_term_string"}}],"inLanguage":"nl-BE"},{"@type":"Organization","@id":"https:\/\/lexperiencedamante.be\/nl\/#organization","name":"Plage d&#039;Amant\u00e9","url":"https:\/\/lexperiencedamante.be\/nl\/","logo":{"@type":"ImageObject","inLanguage":"nl-BE","@id":"https:\/\/lexperiencedamante.be\/nl\/#\/schema\/logo\/image\/","url":"https:\/\/lexperiencedamante.be\/wp-content\/uploads\/2022\/10\/logo-lexperience-dAmante.png","contentUrl":"https:\/\/lexperiencedamante.be\/wp-content\/uploads\/2022\/10\/logo-lexperience-dAmante.png","width":1200,"height":703,"caption":"Plage d&#039;Amant\u00e9"},"image":{"@id":"https:\/\/lexperiencedamante.be\/nl\/#\/schema\/logo\/image\/"}}]}},"_links":{"self":[{"href":"https:\/\/lexperiencedamante.be\/nl\/wp-json\/wp\/v2\/pages\/917","targetHints":{"allow":["GET"]}}],"collection":[{"href":"https:\/\/lexperiencedamante.be\/nl\/wp-json\/wp\/v2\/pages"}],"about":[{"href":"https:\/\/lexperiencedamante.be\/nl\/wp-json\/wp\/v2\/types\/page"}],"author":[{"embeddable":true,"href":"https:\/\/lexperiencedamante.be\/nl\/wp-json\/wp\/v2\/users\/1"}],"replies":[{"embeddable":true,"href":"https:\/\/lexperiencedamante.be\/nl\/wp-json\/wp\/v2\/comments?post=917"}],"version-history":[{"count":16,"href":"https:\/\/lexperiencedamante.be\/nl\/wp-json\/wp\/v2\/pages\/917\/revisions"}],"predecessor-version":[{"id":2649,"href":"https:\/\/lexperiencedamante.be\/nl\/wp-json\/wp\/v2\/pages\/917\/revisions\/2649"}],"wp:attachment":[{"href":"https:\/\/lexperiencedamante.be\/nl\/wp-json\/wp\/v2\/media?parent=917"}],"curies":[{"name":"wp","href":"https:\/\/api.w.org\/{rel}","templated":true}]}}